{"id":1711,"date":"2022-04-11T17:07:32","date_gmt":"2022-04-11T17:07:32","guid":{"rendered":"https:\/\/ace-bakery.local\/product\/grated-parmesan-crostino\/"},"modified":"2022-04-15T15:45:40","modified_gmt":"2022-04-15T15:45:40","slug":"croutons-crostino-au-parmesan","status":"publish","type":"product","link":"https:\/\/acebakeryusa.com\/fr\/product\/croutons-crostino-au-parmesan\/","title":{"rendered":"Cro\u00fbtons Crostino au parmesan r\u00e2p\u00e9"},"featured_media":1321,"menu_order":0,"template":"","categories":[],"tags":[],"product_cat":[],"class_list":["post-1711","product","type-product","status-publish","has-post-thumbnail","hentry"],"acf":[],"yoast_head":"<!-- This site is optimized with the Yoast SEO plugin v18.5.1 - https:\/\/yoast.com\/wordpress\/plugins\/seo\/ -->\n<title>Cro\u00fbtons Crostino au parmesan r\u00e2p\u00e9 - ACE Bakery<\/title>\n<meta name=\"robots\" content=\"index, follow, max-snippet:-1, max-image-preview:large, max-video-preview:-1\" \/>\n<link rel=\"canonical\" href=\"https:\/\/acebakeryusa.com\/fr\/product\/croutons-crostino-au-parmesan\/\" \/>\n<meta property=\"og:locale\" content=\"fr_FR\" \/>\n<meta property=\"og:type\" content=\"article\" \/>\n<meta property=\"og:title\" content=\"Cro\u00fbtons Crostino au parmesan r\u00e2p\u00e9 - ACE Bakery\" \/>\n<meta property=\"og:url\" content=\"https:\/\/acebakeryusa.com\/fr\/product\/croutons-crostino-au-parmesan\/\" \/>\n<meta property=\"og:site_name\" content=\"ACE Bakery\" \/>\n<meta property=\"article:modified_time\" content=\"2022-04-15T15:45:40+00:00\" \/>\n<meta property=\"og:image\" content=\"https:\/\/acebakeryusa.com\/wp-content\/uploads\/2022\/04\/Grated-Parmesan-Crostino.jpg\" \/>\n\t<meta property=\"og:image:width\" content=\"800\" \/>\n\t<meta property=\"og:image:height\" content=\"800\" \/>\n\t<meta property=\"og:image:type\" content=\"image\/jpeg\" \/>\n<meta name=\"twitter:card\" content=\"summary_large_image\" \/>\n<script type=\"application\/ld+json\" class=\"yoast-schema-graph\">{\"@context\":\"https:\/\/schema.org\",\"@graph\":[{\"@type\":\"WebSite\",\"@id\":\"https:\/\/acebakeryusa.com\/#website\",\"url\":\"https:\/\/acebakeryusa.com\/\",\"name\":\"ACE Bakery\",\"description\":\"\",\"potentialAction\":[{\"@type\":\"SearchAction\",\"target\":{\"@type\":\"EntryPoint\",\"urlTemplate\":\"https:\/\/acebakeryusa.com\/?s={search_term_string}\"},\"query-input\":\"required name=search_term_string\"}],\"inLanguage\":\"fr-FR\"},{\"@type\":\"ImageObject\",\"@id\":\"https:\/\/acebakeryusa.com\/fr\/product\/croutons-crostino-au-parmesan\/#primaryimage\",\"inLanguage\":\"fr-FR\",\"url\":\"https:\/\/acebakeryusa.com\/wp-content\/uploads\/2022\/04\/Grated-Parmesan-Crostino.jpg\",\"contentUrl\":\"https:\/\/acebakeryusa.com\/wp-content\/uploads\/2022\/04\/Grated-Parmesan-Crostino.jpg\",\"width\":800,\"height\":800},{\"@type\":\"WebPage\",\"@id\":\"https:\/\/acebakeryusa.com\/fr\/product\/croutons-crostino-au-parmesan\/#webpage\",\"url\":\"https:\/\/acebakeryusa.com\/fr\/product\/croutons-crostino-au-parmesan\/\",\"name\":\"Cro\u00fbtons Crostino au parmesan r\u00e2p\u00e9 - ACE Bakery\",\"isPartOf\":{\"@id\":\"https:\/\/acebakeryusa.com\/#website\"},\"primaryImageOfPage\":{\"@id\":\"https:\/\/acebakeryusa.com\/fr\/product\/croutons-crostino-au-parmesan\/#primaryimage\"},\"datePublished\":\"2022-04-11T17:07:32+00:00\",\"dateModified\":\"2022-04-15T15:45:40+00:00\",\"breadcrumb\":{\"@id\":\"https:\/\/acebakeryusa.com\/fr\/product\/croutons-crostino-au-parmesan\/#breadcrumb\"},\"inLanguage\":\"fr-FR\",\"potentialAction\":[{\"@type\":\"ReadAction\",\"target\":[\"https:\/\/acebakeryusa.com\/fr\/product\/croutons-crostino-au-parmesan\/\"]}]},{\"@type\":\"BreadcrumbList\",\"@id\":\"https:\/\/acebakeryusa.com\/fr\/product\/croutons-crostino-au-parmesan\/#breadcrumb\",\"itemListElement\":[{\"@type\":\"ListItem\",\"position\":1,\"name\":\"Home\",\"item\":\"https:\/\/acebakeryusa.com\/fr\/\"},{\"@type\":\"ListItem\",\"position\":2,\"name\":\"Cro\u00fbtons Crostino au parmesan r\u00e2p\u00e9\"}]}]}<\/script>\n<!-- \/ Yoast SEO plugin. -->","yoast_head_json":{"title":"Cro\u00fbtons Crostino au parmesan r\u00e2p\u00e9 - ACE Bakery","robots":{"index":"index","follow":"follow","max-snippet":"max-snippet:-1","max-image-preview":"max-image-preview:large","max-video-preview":"max-video-preview:-1"},"canonical":"https:\/\/acebakeryusa.com\/fr\/product\/croutons-crostino-au-parmesan\/","og_locale":"fr_FR","og_type":"article","og_title":"Cro\u00fbtons Crostino au parmesan r\u00e2p\u00e9 - ACE Bakery","og_url":"https:\/\/acebakeryusa.com\/fr\/product\/croutons-crostino-au-parmesan\/","og_site_name":"ACE Bakery","article_modified_time":"2022-04-15T15:45:40+00:00","og_image":[{"width":800,"height":800,"url":"https:\/\/acebakeryusa.com\/wp-content\/uploads\/2022\/04\/Grated-Parmesan-Crostino.jpg","type":"image\/jpeg"}],"twitter_card":"summary_large_image","schema":{"@context":"https:\/\/schema.org","@graph":[{"@type":"WebSite","@id":"https:\/\/acebakeryusa.com\/#website","url":"https:\/\/acebakeryusa.com\/","name":"ACE Bakery","description":"","potentialAction":[{"@type":"SearchAction","target":{"@type":"EntryPoint","urlTemplate":"https:\/\/acebakeryusa.com\/?s={search_term_string}"},"query-input":"required name=search_term_string"}],"inLanguage":"fr-FR"},{"@type":"ImageObject","@id":"https:\/\/acebakeryusa.com\/fr\/product\/croutons-crostino-au-parmesan\/#primaryimage","inLanguage":"fr-FR","url":"https:\/\/acebakeryusa.com\/wp-content\/uploads\/2022\/04\/Grated-Parmesan-Crostino.jpg","contentUrl":"https:\/\/acebakeryusa.com\/wp-content\/uploads\/2022\/04\/Grated-Parmesan-Crostino.jpg","width":800,"height":800},{"@type":"WebPage","@id":"https:\/\/acebakeryusa.com\/fr\/product\/croutons-crostino-au-parmesan\/#webpage","url":"https:\/\/acebakeryusa.com\/fr\/product\/croutons-crostino-au-parmesan\/","name":"Cro\u00fbtons Crostino au parmesan r\u00e2p\u00e9 - ACE Bakery","isPartOf":{"@id":"https:\/\/acebakeryusa.com\/#website"},"primaryImageOfPage":{"@id":"https:\/\/acebakeryusa.com\/fr\/product\/croutons-crostino-au-parmesan\/#primaryimage"},"datePublished":"2022-04-11T17:07:32+00:00","dateModified":"2022-04-15T15:45:40+00:00","breadcrumb":{"@id":"https:\/\/acebakeryusa.com\/fr\/product\/croutons-crostino-au-parmesan\/#breadcrumb"},"inLanguage":"fr-FR","potentialAction":[{"@type":"ReadAction","target":["https:\/\/acebakeryusa.com\/fr\/product\/croutons-crostino-au-parmesan\/"]}]},{"@type":"BreadcrumbList","@id":"https:\/\/acebakeryusa.com\/fr\/product\/croutons-crostino-au-parmesan\/#breadcrumb","itemListElement":[{"@type":"ListItem","position":1,"name":"Home","item":"https:\/\/acebakeryusa.com\/fr\/"},{"@type":"ListItem","position":2,"name":"Cro\u00fbtons Crostino au parmesan r\u00e2p\u00e9"}]}]}},"_links":{"self":[{"href":"https:\/\/acebakeryusa.com\/fr\/wp-json\/wp\/v2\/product\/1711","targetHints":{"allow":["GET"]}}],"collection":[{"href":"https:\/\/acebakeryusa.com\/fr\/wp-json\/wp\/v2\/product"}],"about":[{"href":"https:\/\/acebakeryusa.com\/fr\/wp-json\/wp\/v2\/types\/product"}],"wp:featuredmedia":[{"embeddable":true,"href":"https:\/\/acebakeryusa.com\/fr\/wp-json\/wp\/v2\/media\/1321"}],"wp:attachment":[{"href":"https:\/\/acebakeryusa.com\/fr\/wp-json\/wp\/v2\/media?parent=1711"}],"wp:term":[{"taxonomy":"category","embeddable":true,"href":"https:\/\/acebakeryusa.com\/fr\/wp-json\/wp\/v2\/categories?post=1711"},{"taxonomy":"post_tag","embeddable":true,"href":"https:\/\/acebakeryusa.com\/fr\/wp-json\/wp\/v2\/tags?post=1711"},{"taxonomy":"product_cat","embeddable":true,"href":"https:\/\/acebakeryusa.com\/fr\/wp-json\/wp\/v2\/product_cat?post=1711"}],"curies":[{"name":"wp","href":"https:\/\/api.w.org\/{rel}","templated":true}]}}